{"id":731,"date":"2023-02-04T20:01:58","date_gmt":"2023-02-05T01:01:58","guid":{"rendered":"https:\/\/lesterasset.com\/home\/"},"modified":"2026-03-04T14:14:35","modified_gmt":"2026-03-04T19:14:35","slug":"accueil","status":"publish","type":"page","link":"https:\/\/lesterasset.com\/fr\/","title":{"rendered":"Accueil"},"content":{"rendered":"<p>&nbsp;<\/p>\n<p>&nbsp;<\/p>\n","protected":false},"excerpt":{"rendered":"<p>&nbsp; &nbsp;<\/p>\n","protected":false},"author":1,"featured_media":0,"parent":0,"menu_order":0,"comment_status":"closed","ping_status":"closed","template":"page-templates\/front-page.php","meta":{"_acf_changed":false,"footnotes":""},"class_list":["post-731","page","type-page","status-publish","hentry"],"acf":[],"yoast_head":"<!-- This site is optimized with the Yoast SEO plugin v27.2 - https:\/\/yoast.com\/product\/yoast-seo-wordpress\/ -->\n<title>Service personnalis\u00e9 et croissance responsable | Lester Asset Management<\/title>\n<meta name=\"description\" content=\"Pr\u00e9servez et d\u00e9veloppez votre patrimoine avec notre approche personnalis\u00e9e et une croissance responsable. D\u00e9couvrez nos portefeuilles d&#039;investissements adapt\u00e9s, une exp\u00e9rience client exceptionnelle et une int\u00e9gration \u00e9thique des facteurs ESG. En savoir plus chez Gestion d&#039;actifs Lester.\" \/>\n<meta name=\"robots\" content=\"index, follow, max-snippet:-1, max-image-preview:large, max-video-preview:-1\" \/>\n<link rel=\"canonical\" href=\"https:\/\/lesterasset.com\/fr\/\" \/>\n<meta property=\"og:locale\" content=\"fr_FR\" \/>\n<meta property=\"og:type\" content=\"article\" \/>\n<meta property=\"og:title\" content=\"Service personnalis\u00e9 et croissance responsable | Lester Asset Management\" \/>\n<meta property=\"og:description\" content=\"Pr\u00e9servez et d\u00e9veloppez votre patrimoine avec notre approche personnalis\u00e9e et une croissance responsable. D\u00e9couvrez nos portefeuilles d&#039;investissements adapt\u00e9s, une exp\u00e9rience client exceptionnelle et une int\u00e9gration \u00e9thique des facteurs ESG. En savoir plus chez Gestion d&#039;actifs Lester.\" \/>\n<meta property=\"og:url\" content=\"https:\/\/lesterasset.com\/fr\/\" \/>\n<meta property=\"og:site_name\" content=\"Lester Asset Management\" \/>\n<meta property=\"article:modified_time\" content=\"2026-03-04T19:14:35+00:00\" \/>\n<meta property=\"og:image\" content=\"https:\/\/lesterasset.com\/wp-content\/uploads\/2023\/07\/og-image.jpg\" \/>\n\t<meta property=\"og:image:width\" content=\"1200\" \/>\n\t<meta property=\"og:image:height\" content=\"675\" \/>\n\t<meta property=\"og:image:type\" content=\"image\/jpeg\" \/>\n<meta name=\"twitter:card\" content=\"summary_large_image\" \/>\n<script type=\"application\/ld+json\" class=\"yoast-schema-graph\">{\"@context\":\"https:\/\/schema.org\",\"@graph\":[{\"@type\":\"WebPage\",\"@id\":\"https:\/\/lesterasset.com\/fr\/\",\"url\":\"https:\/\/lesterasset.com\/fr\/\",\"name\":\"Service personnalis\u00e9 et croissance responsable | Lester Asset Management\",\"isPartOf\":{\"@id\":\"https:\/\/lesterasset.com\/fr\/#website\"},\"datePublished\":\"2023-02-05T01:01:58+00:00\",\"dateModified\":\"2026-03-04T19:14:35+00:00\",\"description\":\"Pr\u00e9servez et d\u00e9veloppez votre patrimoine avec notre approche personnalis\u00e9e et une croissance responsable. D\u00e9couvrez nos portefeuilles d'investissements adapt\u00e9s, une exp\u00e9rience client exceptionnelle et une int\u00e9gration \u00e9thique des facteurs ESG. En savoir plus chez Gestion d'actifs Lester.\",\"breadcrumb\":{\"@id\":\"https:\/\/lesterasset.com\/fr\/#breadcrumb\"},\"inLanguage\":\"fr-FR\",\"potentialAction\":[{\"@type\":\"ReadAction\",\"target\":[\"https:\/\/lesterasset.com\/fr\/\"]}]},{\"@type\":\"BreadcrumbList\",\"@id\":\"https:\/\/lesterasset.com\/fr\/#breadcrumb\",\"itemListElement\":[{\"@type\":\"ListItem\",\"position\":1,\"name\":\"Home\",\"item\":\"https:\/\/lesterasset.com\/fr\/\"},{\"@type\":\"ListItem\",\"position\":2,\"name\":\"Accueil\"}]},{\"@type\":\"WebSite\",\"@id\":\"https:\/\/lesterasset.com\/fr\/#website\",\"url\":\"https:\/\/lesterasset.com\/fr\/\",\"name\":\"Lester Asset Management\",\"description\":\"\",\"publisher\":{\"@id\":\"https:\/\/lesterasset.com\/fr\/#organization\"},\"potentialAction\":[{\"@type\":\"SearchAction\",\"target\":{\"@type\":\"EntryPoint\",\"urlTemplate\":\"https:\/\/lesterasset.com\/fr\/?s={search_term_string}\"},\"query-input\":{\"@type\":\"PropertyValueSpecification\",\"valueRequired\":true,\"valueName\":\"search_term_string\"}}],\"inLanguage\":\"fr-FR\"},{\"@type\":\"Organization\",\"@id\":\"https:\/\/lesterasset.com\/fr\/#organization\",\"name\":\"Lester Asset Management\",\"url\":\"https:\/\/lesterasset.com\/fr\/\",\"logo\":{\"@type\":\"ImageObject\",\"inLanguage\":\"fr-FR\",\"@id\":\"https:\/\/lesterasset.com\/fr\/#\/schema\/logo\/image\/\",\"url\":\"https:\/\/lesterasset.com\/wp-content\/uploads\/2023\/07\/og-image.jpg\",\"contentUrl\":\"https:\/\/lesterasset.com\/wp-content\/uploads\/2023\/07\/og-image.jpg\",\"width\":1200,\"height\":675,\"caption\":\"Lester Asset Management\"},\"image\":{\"@id\":\"https:\/\/lesterasset.com\/fr\/#\/schema\/logo\/image\/\"}}]}<\/script>\n<!-- \/ Yoast SEO plugin. -->","yoast_head_json":{"title":"Service personnalis\u00e9 et croissance responsable | Lester Asset Management","description":"Pr\u00e9servez et d\u00e9veloppez votre patrimoine avec notre approche personnalis\u00e9e et une croissance responsable. D\u00e9couvrez nos portefeuilles d'investissements adapt\u00e9s, une exp\u00e9rience client exceptionnelle et une int\u00e9gration \u00e9thique des facteurs ESG. En savoir plus chez Gestion d'actifs Lester.","robots":{"index":"index","follow":"follow","max-snippet":"max-snippet:-1","max-image-preview":"max-image-preview:large","max-video-preview":"max-video-preview:-1"},"canonical":"https:\/\/lesterasset.com\/fr\/","og_locale":"fr_FR","og_type":"article","og_title":"Service personnalis\u00e9 et croissance responsable | Lester Asset Management","og_description":"Pr\u00e9servez et d\u00e9veloppez votre patrimoine avec notre approche personnalis\u00e9e et une croissance responsable. D\u00e9couvrez nos portefeuilles d'investissements adapt\u00e9s, une exp\u00e9rience client exceptionnelle et une int\u00e9gration \u00e9thique des facteurs ESG. En savoir plus chez Gestion d'actifs Lester.","og_url":"https:\/\/lesterasset.com\/fr\/","og_site_name":"Lester Asset Management","article_modified_time":"2026-03-04T19:14:35+00:00","og_image":[{"width":1200,"height":675,"url":"https:\/\/lesterasset.com\/wp-content\/uploads\/2023\/07\/og-image.jpg","type":"image\/jpeg"}],"twitter_card":"summary_large_image","schema":{"@context":"https:\/\/schema.org","@graph":[{"@type":"WebPage","@id":"https:\/\/lesterasset.com\/fr\/","url":"https:\/\/lesterasset.com\/fr\/","name":"Service personnalis\u00e9 et croissance responsable | Lester Asset Management","isPartOf":{"@id":"https:\/\/lesterasset.com\/fr\/#website"},"datePublished":"2023-02-05T01:01:58+00:00","dateModified":"2026-03-04T19:14:35+00:00","description":"Pr\u00e9servez et d\u00e9veloppez votre patrimoine avec notre approche personnalis\u00e9e et une croissance responsable. D\u00e9couvrez nos portefeuilles d'investissements adapt\u00e9s, une exp\u00e9rience client exceptionnelle et une int\u00e9gration \u00e9thique des facteurs ESG. En savoir plus chez Gestion d'actifs Lester.","breadcrumb":{"@id":"https:\/\/lesterasset.com\/fr\/#breadcrumb"},"inLanguage":"fr-FR","potentialAction":[{"@type":"ReadAction","target":["https:\/\/lesterasset.com\/fr\/"]}]},{"@type":"BreadcrumbList","@id":"https:\/\/lesterasset.com\/fr\/#breadcrumb","itemListElement":[{"@type":"ListItem","position":1,"name":"Home","item":"https:\/\/lesterasset.com\/fr\/"},{"@type":"ListItem","position":2,"name":"Accueil"}]},{"@type":"WebSite","@id":"https:\/\/lesterasset.com\/fr\/#website","url":"https:\/\/lesterasset.com\/fr\/","name":"Lester Asset Management","description":"","publisher":{"@id":"https:\/\/lesterasset.com\/fr\/#organization"},"potentialAction":[{"@type":"SearchAction","target":{"@type":"EntryPoint","urlTemplate":"https:\/\/lesterasset.com\/fr\/?s={search_term_string}"},"query-input":{"@type":"PropertyValueSpecification","valueRequired":true,"valueName":"search_term_string"}}],"inLanguage":"fr-FR"},{"@type":"Organization","@id":"https:\/\/lesterasset.com\/fr\/#organization","name":"Lester Asset Management","url":"https:\/\/lesterasset.com\/fr\/","logo":{"@type":"ImageObject","inLanguage":"fr-FR","@id":"https:\/\/lesterasset.com\/fr\/#\/schema\/logo\/image\/","url":"https:\/\/lesterasset.com\/wp-content\/uploads\/2023\/07\/og-image.jpg","contentUrl":"https:\/\/lesterasset.com\/wp-content\/uploads\/2023\/07\/og-image.jpg","width":1200,"height":675,"caption":"Lester Asset Management"},"image":{"@id":"https:\/\/lesterasset.com\/fr\/#\/schema\/logo\/image\/"}}]}},"_links":{"self":[{"href":"https:\/\/lesterasset.com\/fr\/wp-json\/wp\/v2\/pages\/731","targetHints":{"allow":["GET"]}}],"collection":[{"href":"https:\/\/lesterasset.com\/fr\/wp-json\/wp\/v2\/pages"}],"about":[{"href":"https:\/\/lesterasset.com\/fr\/wp-json\/wp\/v2\/types\/page"}],"author":[{"embeddable":true,"href":"https:\/\/lesterasset.com\/fr\/wp-json\/wp\/v2\/users\/1"}],"replies":[{"embeddable":true,"href":"https:\/\/lesterasset.com\/fr\/wp-json\/wp\/v2\/comments?post=731"}],"version-history":[{"count":104,"href":"https:\/\/lesterasset.com\/fr\/wp-json\/wp\/v2\/pages\/731\/revisions"}],"predecessor-version":[{"id":2901,"href":"https:\/\/lesterasset.com\/fr\/wp-json\/wp\/v2\/pages\/731\/revisions\/2901"}],"wp:attachment":[{"href":"https:\/\/lesterasset.com\/fr\/wp-json\/wp\/v2\/media?parent=731"}],"curies":[{"name":"wp","href":"https:\/\/api.w.org\/{rel}","templated":true}]}}