{"id":732,"date":"2023-02-05T14:35:00","date_gmt":"2023-02-05T19:35:00","guid":{"rendered":"https:\/\/lesterasset.com\/about\/"},"modified":"2026-03-10T15:25:07","modified_gmt":"2026-03-10T19:25:07","slug":"a-propos","status":"publish","type":"page","link":"https:\/\/lesterasset.com\/fr\/a-propos\/","title":{"rendered":"\u00c0 propos"},"content":{"rendered":"","protected":false},"excerpt":{"rendered":"","protected":false},"author":1,"featured_media":0,"parent":0,"menu_order":0,"comment_status":"closed","ping_status":"closed","template":"page-templates\/template-about.php","meta":{"_acf_changed":false,"footnotes":""},"class_list":["post-732","page","type-page","status-publish","hentry"],"acf":[],"yoast_head":"<!-- This site is optimized with the Yoast SEO plugin v27.2 - https:\/\/yoast.com\/product\/yoast-seo-wordpress\/ -->\n<title>Gestion de portefeuille responsable depuis 1987 | Lester Asset Management<\/title>\n<meta name=\"description\" content=\"Depuis 1987, Gestion d&#039;actifs Lester propose une gestion de portefeuille responsable, sp\u00e9cialis\u00e9e dans les actions et les titres \u00e0 revenu fixe. D\u00e9couvrez notre expertise, notre approche transparente et notre engagement envers le succ\u00e8s de nos clients.\" \/>\n<meta name=\"robots\" content=\"index, follow, max-snippet:-1, max-image-preview:large, max-video-preview:-1\" \/>\n<link rel=\"canonical\" href=\"https:\/\/lesterasset.com\/fr\/a-propos\/\" \/>\n<meta property=\"og:locale\" content=\"fr_FR\" \/>\n<meta property=\"og:type\" content=\"article\" \/>\n<meta property=\"og:title\" content=\"Gestion de portefeuille responsable depuis 1987 | Lester Asset Management\" \/>\n<meta property=\"og:description\" content=\"Depuis 1987, Gestion d&#039;actifs Lester propose une gestion de portefeuille responsable, sp\u00e9cialis\u00e9e dans les actions et les titres \u00e0 revenu fixe. D\u00e9couvrez notre expertise, notre approche transparente et notre engagement envers le succ\u00e8s de nos clients.\" \/>\n<meta property=\"og:url\" content=\"https:\/\/lesterasset.com\/fr\/a-propos\/\" \/>\n<meta property=\"og:site_name\" content=\"Lester Asset Management\" \/>\n<meta property=\"article:modified_time\" content=\"2026-03-10T19:25:07+00:00\" \/>\n<meta property=\"og:image\" content=\"https:\/\/lesterasset.com\/wp-content\/uploads\/2023\/07\/og-image.jpg\" \/>\n\t<meta property=\"og:image:width\" content=\"1200\" \/>\n\t<meta property=\"og:image:height\" content=\"675\" \/>\n\t<meta property=\"og:image:type\" content=\"image\/jpeg\" \/>\n<meta name=\"twitter:card\" content=\"summary_large_image\" \/>\n<script type=\"application\/ld+json\" class=\"yoast-schema-graph\">{\"@context\":\"https:\/\/schema.org\",\"@graph\":[{\"@type\":\"WebPage\",\"@id\":\"https:\/\/lesterasset.com\/fr\/a-propos\/\",\"url\":\"https:\/\/lesterasset.com\/fr\/a-propos\/\",\"name\":\"Gestion de portefeuille responsable depuis 1987 | Lester Asset Management\",\"isPartOf\":{\"@id\":\"https:\/\/lesterasset.com\/fr\/#website\"},\"datePublished\":\"2023-02-05T19:35:00+00:00\",\"dateModified\":\"2026-03-10T19:25:07+00:00\",\"description\":\"Depuis 1987, Gestion d'actifs Lester propose une gestion de portefeuille responsable, sp\u00e9cialis\u00e9e dans les actions et les titres \u00e0 revenu fixe. D\u00e9couvrez notre expertise, notre approche transparente et notre engagement envers le succ\u00e8s de nos clients.\",\"breadcrumb\":{\"@id\":\"https:\/\/lesterasset.com\/fr\/a-propos\/#breadcrumb\"},\"inLanguage\":\"fr-FR\",\"potentialAction\":[{\"@type\":\"ReadAction\",\"target\":[\"https:\/\/lesterasset.com\/fr\/a-propos\/\"]}]},{\"@type\":\"BreadcrumbList\",\"@id\":\"https:\/\/lesterasset.com\/fr\/a-propos\/#breadcrumb\",\"itemListElement\":[{\"@type\":\"ListItem\",\"position\":1,\"name\":\"Home\",\"item\":\"https:\/\/lesterasset.com\/fr\/\"},{\"@type\":\"ListItem\",\"position\":2,\"name\":\"\u00c0 propos\"}]},{\"@type\":\"WebSite\",\"@id\":\"https:\/\/lesterasset.com\/fr\/#website\",\"url\":\"https:\/\/lesterasset.com\/fr\/\",\"name\":\"Lester Asset Management\",\"description\":\"\",\"publisher\":{\"@id\":\"https:\/\/lesterasset.com\/fr\/#organization\"},\"potentialAction\":[{\"@type\":\"SearchAction\",\"target\":{\"@type\":\"EntryPoint\",\"urlTemplate\":\"https:\/\/lesterasset.com\/fr\/?s={search_term_string}\"},\"query-input\":{\"@type\":\"PropertyValueSpecification\",\"valueRequired\":true,\"valueName\":\"search_term_string\"}}],\"inLanguage\":\"fr-FR\"},{\"@type\":\"Organization\",\"@id\":\"https:\/\/lesterasset.com\/fr\/#organization\",\"name\":\"Lester Asset Management\",\"url\":\"https:\/\/lesterasset.com\/fr\/\",\"logo\":{\"@type\":\"ImageObject\",\"inLanguage\":\"fr-FR\",\"@id\":\"https:\/\/lesterasset.com\/fr\/#\/schema\/logo\/image\/\",\"url\":\"https:\/\/lesterasset.com\/wp-content\/uploads\/2023\/07\/og-image.jpg\",\"contentUrl\":\"https:\/\/lesterasset.com\/wp-content\/uploads\/2023\/07\/og-image.jpg\",\"width\":1200,\"height\":675,\"caption\":\"Lester Asset Management\"},\"image\":{\"@id\":\"https:\/\/lesterasset.com\/fr\/#\/schema\/logo\/image\/\"}}]}<\/script>\n<!-- \/ Yoast SEO plugin. -->","yoast_head_json":{"title":"Gestion de portefeuille responsable depuis 1987 | Lester Asset Management","description":"Depuis 1987, Gestion d'actifs Lester propose une gestion de portefeuille responsable, sp\u00e9cialis\u00e9e dans les actions et les titres \u00e0 revenu fixe. D\u00e9couvrez notre expertise, notre approche transparente et notre engagement envers le succ\u00e8s de nos clients.","robots":{"index":"index","follow":"follow","max-snippet":"max-snippet:-1","max-image-preview":"max-image-preview:large","max-video-preview":"max-video-preview:-1"},"canonical":"https:\/\/lesterasset.com\/fr\/a-propos\/","og_locale":"fr_FR","og_type":"article","og_title":"Gestion de portefeuille responsable depuis 1987 | Lester Asset Management","og_description":"Depuis 1987, Gestion d'actifs Lester propose une gestion de portefeuille responsable, sp\u00e9cialis\u00e9e dans les actions et les titres \u00e0 revenu fixe. D\u00e9couvrez notre expertise, notre approche transparente et notre engagement envers le succ\u00e8s de nos clients.","og_url":"https:\/\/lesterasset.com\/fr\/a-propos\/","og_site_name":"Lester Asset Management","article_modified_time":"2026-03-10T19:25:07+00:00","og_image":[{"width":1200,"height":675,"url":"https:\/\/lesterasset.com\/wp-content\/uploads\/2023\/07\/og-image.jpg","type":"image\/jpeg"}],"twitter_card":"summary_large_image","schema":{"@context":"https:\/\/schema.org","@graph":[{"@type":"WebPage","@id":"https:\/\/lesterasset.com\/fr\/a-propos\/","url":"https:\/\/lesterasset.com\/fr\/a-propos\/","name":"Gestion de portefeuille responsable depuis 1987 | Lester Asset Management","isPartOf":{"@id":"https:\/\/lesterasset.com\/fr\/#website"},"datePublished":"2023-02-05T19:35:00+00:00","dateModified":"2026-03-10T19:25:07+00:00","description":"Depuis 1987, Gestion d'actifs Lester propose une gestion de portefeuille responsable, sp\u00e9cialis\u00e9e dans les actions et les titres \u00e0 revenu fixe. D\u00e9couvrez notre expertise, notre approche transparente et notre engagement envers le succ\u00e8s de nos clients.","breadcrumb":{"@id":"https:\/\/lesterasset.com\/fr\/a-propos\/#breadcrumb"},"inLanguage":"fr-FR","potentialAction":[{"@type":"ReadAction","target":["https:\/\/lesterasset.com\/fr\/a-propos\/"]}]},{"@type":"BreadcrumbList","@id":"https:\/\/lesterasset.com\/fr\/a-propos\/#breadcrumb","itemListElement":[{"@type":"ListItem","position":1,"name":"Home","item":"https:\/\/lesterasset.com\/fr\/"},{"@type":"ListItem","position":2,"name":"\u00c0 propos"}]},{"@type":"WebSite","@id":"https:\/\/lesterasset.com\/fr\/#website","url":"https:\/\/lesterasset.com\/fr\/","name":"Lester Asset Management","description":"","publisher":{"@id":"https:\/\/lesterasset.com\/fr\/#organization"},"potentialAction":[{"@type":"SearchAction","target":{"@type":"EntryPoint","urlTemplate":"https:\/\/lesterasset.com\/fr\/?s={search_term_string}"},"query-input":{"@type":"PropertyValueSpecification","valueRequired":true,"valueName":"search_term_string"}}],"inLanguage":"fr-FR"},{"@type":"Organization","@id":"https:\/\/lesterasset.com\/fr\/#organization","name":"Lester Asset Management","url":"https:\/\/lesterasset.com\/fr\/","logo":{"@type":"ImageObject","inLanguage":"fr-FR","@id":"https:\/\/lesterasset.com\/fr\/#\/schema\/logo\/image\/","url":"https:\/\/lesterasset.com\/wp-content\/uploads\/2023\/07\/og-image.jpg","contentUrl":"https:\/\/lesterasset.com\/wp-content\/uploads\/2023\/07\/og-image.jpg","width":1200,"height":675,"caption":"Lester Asset Management"},"image":{"@id":"https:\/\/lesterasset.com\/fr\/#\/schema\/logo\/image\/"}}]}},"_links":{"self":[{"href":"https:\/\/lesterasset.com\/fr\/wp-json\/wp\/v2\/pages\/732","targetHints":{"allow":["GET"]}}],"collection":[{"href":"https:\/\/lesterasset.com\/fr\/wp-json\/wp\/v2\/pages"}],"about":[{"href":"https:\/\/lesterasset.com\/fr\/wp-json\/wp\/v2\/types\/page"}],"author":[{"embeddable":true,"href":"https:\/\/lesterasset.com\/fr\/wp-json\/wp\/v2\/users\/1"}],"replies":[{"embeddable":true,"href":"https:\/\/lesterasset.com\/fr\/wp-json\/wp\/v2\/comments?post=732"}],"version-history":[{"count":73,"href":"https:\/\/lesterasset.com\/fr\/wp-json\/wp\/v2\/pages\/732\/revisions"}],"predecessor-version":[{"id":2903,"href":"https:\/\/lesterasset.com\/fr\/wp-json\/wp\/v2\/pages\/732\/revisions\/2903"}],"wp:attachment":[{"href":"https:\/\/lesterasset.com\/fr\/wp-json\/wp\/v2\/media?parent=732"}],"curies":[{"name":"wp","href":"https:\/\/api.w.org\/{rel}","templated":true}]}}