{"id":733,"date":"2023-02-07T15:49:43","date_gmt":"2023-02-07T20:49:43","guid":{"rendered":"https:\/\/lesterasset.com\/approach\/"},"modified":"2025-02-21T09:42:48","modified_gmt":"2025-02-21T14:42:48","slug":"approche","status":"publish","type":"page","link":"https:\/\/lesterasset.com\/fr\/approche\/","title":{"rendered":"Approche"},"content":{"rendered":"","protected":false},"excerpt":{"rendered":"","protected":false},"author":1,"featured_media":0,"parent":0,"menu_order":0,"comment_status":"closed","ping_status":"closed","template":"page-templates\/template-approach.php","meta":{"_acf_changed":false,"footnotes":""},"class_list":["post-733","page","type-page","status-publish","hentry"],"acf":[],"yoast_head":"<!-- This site is optimized with the Yoast SEO plugin v27.2 - https:\/\/yoast.com\/product\/yoast-seo-wordpress\/ -->\n<title>Cr\u00e9er de la valeur de fa\u00e7on responsable | Lester Asset Management<\/title>\n<meta name=\"description\" content=\"Gestion d&#039;actifs Lester adopte une approche disciplin\u00e9e et une vision \u00e0 long terme pour g\u00e9n\u00e9rer des rendements sup\u00e9rieurs et r\u00e9duire les risques. D\u00e9couvrez notre culture d&#039;investissement bas\u00e9e sur des convictions fortes, notre gestion active, notre recherche de valeur intrins\u00e8que et notre engagement envers l&#039;investissement durable.\" \/>\n<meta name=\"robots\" content=\"index, follow, max-snippet:-1, max-image-preview:large, max-video-preview:-1\" \/>\n<link rel=\"canonical\" href=\"https:\/\/lesterasset.com\/fr\/approche\/\" \/>\n<meta property=\"og:locale\" content=\"fr_FR\" \/>\n<meta property=\"og:type\" content=\"article\" \/>\n<meta property=\"og:title\" content=\"Cr\u00e9er de la valeur de fa\u00e7on responsable | Lester Asset Management\" \/>\n<meta property=\"og:description\" content=\"Gestion d&#039;actifs Lester adopte une approche disciplin\u00e9e et une vision \u00e0 long terme pour g\u00e9n\u00e9rer des rendements sup\u00e9rieurs et r\u00e9duire les risques. D\u00e9couvrez notre culture d&#039;investissement bas\u00e9e sur des convictions fortes, notre gestion active, notre recherche de valeur intrins\u00e8que et notre engagement envers l&#039;investissement durable.\" \/>\n<meta property=\"og:url\" content=\"https:\/\/lesterasset.com\/fr\/approche\/\" \/>\n<meta property=\"og:site_name\" content=\"Lester Asset Management\" \/>\n<meta property=\"article:modified_time\" content=\"2025-02-21T14:42:48+00:00\" \/>\n<meta property=\"og:image\" content=\"https:\/\/lesterasset.com\/wp-content\/uploads\/2023\/07\/og-image.jpg\" \/>\n\t<meta property=\"og:image:width\" content=\"1200\" \/>\n\t<meta property=\"og:image:height\" content=\"675\" \/>\n\t<meta property=\"og:image:type\" content=\"image\/jpeg\" \/>\n<meta name=\"twitter:card\" content=\"summary_large_image\" \/>\n<script type=\"application\/ld+json\" class=\"yoast-schema-graph\">{\"@context\":\"https:\/\/schema.org\",\"@graph\":[{\"@type\":\"WebPage\",\"@id\":\"https:\/\/lesterasset.com\/fr\/approche\/\",\"url\":\"https:\/\/lesterasset.com\/fr\/approche\/\",\"name\":\"Cr\u00e9er de la valeur de fa\u00e7on responsable | Lester Asset Management\",\"isPartOf\":{\"@id\":\"https:\/\/lesterasset.com\/fr\/#website\"},\"datePublished\":\"2023-02-07T20:49:43+00:00\",\"dateModified\":\"2025-02-21T14:42:48+00:00\",\"description\":\"Gestion d'actifs Lester adopte une approche disciplin\u00e9e et une vision \u00e0 long terme pour g\u00e9n\u00e9rer des rendements sup\u00e9rieurs et r\u00e9duire les risques. D\u00e9couvrez notre culture d'investissement bas\u00e9e sur des convictions fortes, notre gestion active, notre recherche de valeur intrins\u00e8que et notre engagement envers l'investissement durable.\",\"breadcrumb\":{\"@id\":\"https:\/\/lesterasset.com\/fr\/approche\/#breadcrumb\"},\"inLanguage\":\"fr-FR\",\"potentialAction\":[{\"@type\":\"ReadAction\",\"target\":[\"https:\/\/lesterasset.com\/fr\/approche\/\"]}]},{\"@type\":\"BreadcrumbList\",\"@id\":\"https:\/\/lesterasset.com\/fr\/approche\/#breadcrumb\",\"itemListElement\":[{\"@type\":\"ListItem\",\"position\":1,\"name\":\"Home\",\"item\":\"https:\/\/lesterasset.com\/fr\/\"},{\"@type\":\"ListItem\",\"position\":2,\"name\":\"Approche\"}]},{\"@type\":\"WebSite\",\"@id\":\"https:\/\/lesterasset.com\/fr\/#website\",\"url\":\"https:\/\/lesterasset.com\/fr\/\",\"name\":\"Lester Asset Management\",\"description\":\"\",\"publisher\":{\"@id\":\"https:\/\/lesterasset.com\/fr\/#organization\"},\"potentialAction\":[{\"@type\":\"SearchAction\",\"target\":{\"@type\":\"EntryPoint\",\"urlTemplate\":\"https:\/\/lesterasset.com\/fr\/?s={search_term_string}\"},\"query-input\":{\"@type\":\"PropertyValueSpecification\",\"valueRequired\":true,\"valueName\":\"search_term_string\"}}],\"inLanguage\":\"fr-FR\"},{\"@type\":\"Organization\",\"@id\":\"https:\/\/lesterasset.com\/fr\/#organization\",\"name\":\"Lester Asset Management\",\"url\":\"https:\/\/lesterasset.com\/fr\/\",\"logo\":{\"@type\":\"ImageObject\",\"inLanguage\":\"fr-FR\",\"@id\":\"https:\/\/lesterasset.com\/fr\/#\/schema\/logo\/image\/\",\"url\":\"https:\/\/lesterasset.com\/wp-content\/uploads\/2023\/07\/og-image.jpg\",\"contentUrl\":\"https:\/\/lesterasset.com\/wp-content\/uploads\/2023\/07\/og-image.jpg\",\"width\":1200,\"height\":675,\"caption\":\"Lester Asset Management\"},\"image\":{\"@id\":\"https:\/\/lesterasset.com\/fr\/#\/schema\/logo\/image\/\"}}]}<\/script>\n<!-- \/ Yoast SEO plugin. -->","yoast_head_json":{"title":"Cr\u00e9er de la valeur de fa\u00e7on responsable | Lester Asset Management","description":"Gestion d'actifs Lester adopte une approche disciplin\u00e9e et une vision \u00e0 long terme pour g\u00e9n\u00e9rer des rendements sup\u00e9rieurs et r\u00e9duire les risques. D\u00e9couvrez notre culture d'investissement bas\u00e9e sur des convictions fortes, notre gestion active, notre recherche de valeur intrins\u00e8que et notre engagement envers l'investissement durable.","robots":{"index":"index","follow":"follow","max-snippet":"max-snippet:-1","max-image-preview":"max-image-preview:large","max-video-preview":"max-video-preview:-1"},"canonical":"https:\/\/lesterasset.com\/fr\/approche\/","og_locale":"fr_FR","og_type":"article","og_title":"Cr\u00e9er de la valeur de fa\u00e7on responsable | Lester Asset Management","og_description":"Gestion d'actifs Lester adopte une approche disciplin\u00e9e et une vision \u00e0 long terme pour g\u00e9n\u00e9rer des rendements sup\u00e9rieurs et r\u00e9duire les risques. D\u00e9couvrez notre culture d'investissement bas\u00e9e sur des convictions fortes, notre gestion active, notre recherche de valeur intrins\u00e8que et notre engagement envers l'investissement durable.","og_url":"https:\/\/lesterasset.com\/fr\/approche\/","og_site_name":"Lester Asset Management","article_modified_time":"2025-02-21T14:42:48+00:00","og_image":[{"width":1200,"height":675,"url":"https:\/\/lesterasset.com\/wp-content\/uploads\/2023\/07\/og-image.jpg","type":"image\/jpeg"}],"twitter_card":"summary_large_image","schema":{"@context":"https:\/\/schema.org","@graph":[{"@type":"WebPage","@id":"https:\/\/lesterasset.com\/fr\/approche\/","url":"https:\/\/lesterasset.com\/fr\/approche\/","name":"Cr\u00e9er de la valeur de fa\u00e7on responsable | Lester Asset Management","isPartOf":{"@id":"https:\/\/lesterasset.com\/fr\/#website"},"datePublished":"2023-02-07T20:49:43+00:00","dateModified":"2025-02-21T14:42:48+00:00","description":"Gestion d'actifs Lester adopte une approche disciplin\u00e9e et une vision \u00e0 long terme pour g\u00e9n\u00e9rer des rendements sup\u00e9rieurs et r\u00e9duire les risques. D\u00e9couvrez notre culture d'investissement bas\u00e9e sur des convictions fortes, notre gestion active, notre recherche de valeur intrins\u00e8que et notre engagement envers l'investissement durable.","breadcrumb":{"@id":"https:\/\/lesterasset.com\/fr\/approche\/#breadcrumb"},"inLanguage":"fr-FR","potentialAction":[{"@type":"ReadAction","target":["https:\/\/lesterasset.com\/fr\/approche\/"]}]},{"@type":"BreadcrumbList","@id":"https:\/\/lesterasset.com\/fr\/approche\/#breadcrumb","itemListElement":[{"@type":"ListItem","position":1,"name":"Home","item":"https:\/\/lesterasset.com\/fr\/"},{"@type":"ListItem","position":2,"name":"Approche"}]},{"@type":"WebSite","@id":"https:\/\/lesterasset.com\/fr\/#website","url":"https:\/\/lesterasset.com\/fr\/","name":"Lester Asset Management","description":"","publisher":{"@id":"https:\/\/lesterasset.com\/fr\/#organization"},"potentialAction":[{"@type":"SearchAction","target":{"@type":"EntryPoint","urlTemplate":"https:\/\/lesterasset.com\/fr\/?s={search_term_string}"},"query-input":{"@type":"PropertyValueSpecification","valueRequired":true,"valueName":"search_term_string"}}],"inLanguage":"fr-FR"},{"@type":"Organization","@id":"https:\/\/lesterasset.com\/fr\/#organization","name":"Lester Asset Management","url":"https:\/\/lesterasset.com\/fr\/","logo":{"@type":"ImageObject","inLanguage":"fr-FR","@id":"https:\/\/lesterasset.com\/fr\/#\/schema\/logo\/image\/","url":"https:\/\/lesterasset.com\/wp-content\/uploads\/2023\/07\/og-image.jpg","contentUrl":"https:\/\/lesterasset.com\/wp-content\/uploads\/2023\/07\/og-image.jpg","width":1200,"height":675,"caption":"Lester Asset Management"},"image":{"@id":"https:\/\/lesterasset.com\/fr\/#\/schema\/logo\/image\/"}}]}},"_links":{"self":[{"href":"https:\/\/lesterasset.com\/fr\/wp-json\/wp\/v2\/pages\/733","targetHints":{"allow":["GET"]}}],"collection":[{"href":"https:\/\/lesterasset.com\/fr\/wp-json\/wp\/v2\/pages"}],"about":[{"href":"https:\/\/lesterasset.com\/fr\/wp-json\/wp\/v2\/types\/page"}],"author":[{"embeddable":true,"href":"https:\/\/lesterasset.com\/fr\/wp-json\/wp\/v2\/users\/1"}],"replies":[{"embeddable":true,"href":"https:\/\/lesterasset.com\/fr\/wp-json\/wp\/v2\/comments?post=733"}],"version-history":[{"count":43,"href":"https:\/\/lesterasset.com\/fr\/wp-json\/wp\/v2\/pages\/733\/revisions"}],"predecessor-version":[{"id":2603,"href":"https:\/\/lesterasset.com\/fr\/wp-json\/wp\/v2\/pages\/733\/revisions\/2603"}],"wp:attachment":[{"href":"https:\/\/lesterasset.com\/fr\/wp-json\/wp\/v2\/media?parent=733"}],"curies":[{"name":"wp","href":"https:\/\/api.w.org\/{rel}","templated":true}]}}